{"id":96,"date":"2025-11-05T02:32:26","date_gmt":"2025-11-05T02:32:26","guid":{"rendered":"https:\/\/gonka.com.co\/product\/secador-profesional-fury\/"},"modified":"2025-11-05T02:32:26","modified_gmt":"2025-11-05T02:32:26","slug":"secador-profesional-fury","status":"publish","type":"product","link":"https:\/\/gonka.com.co\/?product=secador-profesional-fury","title":{"rendered":"Secador Profesional Fury"},"content":{"rendered":"<p>Un elegante y ultraligero secador de pelo de rendimiento profesional con revestimientos cer\u00e1micos para un efecto delicado en el cabello. Gracias a su tecnolog\u00eda i\u00f3nica, elimina el exceso de encrespamiento, protege y hidrata el cabello haci\u00e9ndolo el\u00e1stico, rejuvenecido y libre de impurezas que obstruyan los poros capilares.<\/p>\n","protected":false},"excerpt":{"rendered":"<p>Un elegante y ultraligero secador de pelo de rendimiento profesional con revestimientos cer\u00e1micos para un efecto delicado en el cabello. Gracias a su tecnolog\u00eda i\u00f3nica, elimina el exceso de encrespamiento, protege y hidrata el cabello haci\u00e9ndolo el\u00e1stico, rejuvenecido y libre de impurezas que obstruyan los poros capilares.<\/p>\n","protected":false},"featured_media":0,"comment_status":"open","ping_status":"closed","template":"","meta":[],"product_brand":[],"product_cat":[18],"product_tag":[],"class_list":{"0":"post-96","1":"product","2":"type-product","3":"status-publish","5":"product_cat-secadores","7":"first","8":"instock","9":"shipping-taxable","10":"purchasable","11":"product-type-simple"},"_links":{"self":[{"href":"https:\/\/gonka.com.co\/index.php?rest_route=\/wp\/v2\/product\/96","targetHints":{"allow":["GET"]}}],"collection":[{"href":"https:\/\/gonka.com.co\/index.php?rest_route=\/wp\/v2\/product"}],"about":[{"href":"https:\/\/gonka.com.co\/index.php?rest_route=\/wp\/v2\/types\/product"}],"replies":[{"embeddable":true,"href":"https:\/\/gonka.com.co\/index.php?rest_route=%2Fwp%2Fv2%2Fcomments&post=96"}],"wp:attachment":[{"href":"https:\/\/gonka.com.co\/index.php?rest_route=%2Fwp%2Fv2%2Fmedia&parent=96"}],"wp:term":[{"taxonomy":"product_brand","embeddable":true,"href":"https:\/\/gonka.com.co\/index.php?rest_route=%2Fwp%2Fv2%2Fproduct_brand&post=96"},{"taxonomy":"product_cat","embeddable":true,"href":"https:\/\/gonka.com.co\/index.php?rest_route=%2Fwp%2Fv2%2Fproduct_cat&post=96"},{"taxonomy":"product_tag","embeddable":true,"href":"https:\/\/gonka.com.co\/index.php?rest_route=%2Fwp%2Fv2%2Fproduct_tag&post=96"}],"curies":[{"name":"wp","href":"https:\/\/api.w.org\/{rel}","templated":true}]}}