{"id":131,"date":"2025-11-05T02:32:30","date_gmt":"2025-11-05T02:32:30","guid":{"rendered":"https:\/\/gonka.com.co\/product\/plancha-profesional-iris\/"},"modified":"2025-11-05T02:32:30","modified_gmt":"2025-11-05T02:32:30","slug":"plancha-profesional-iris","status":"publish","type":"product","link":"https:\/\/gonka.com.co\/?product=plancha-profesional-iris","title":{"rendered":"Plancha Profesional Iris"},"content":{"rendered":"<p>Esta potente plancha profesional con temperatura regulable hasta 250\u00b0 C y con un calentador PTC (m\u00e1s r\u00e1pido), permite un alisado m\u00e1s potente y duradero, logrando as\u00ed un cabello sedoso y con m\u00e1s brillo.<\/p>\n","protected":false},"excerpt":{"rendered":"<p>Esta potente plancha profesional con temperatura regulable hasta 250\u00b0 C y con un calentador PTC (m\u00e1s r\u00e1pido), permite un alisado m\u00e1s potente y duradero, logrando as\u00ed un cabello sedoso y con m\u00e1s brillo.<\/p>\n","protected":false},"featured_media":0,"comment_status":"open","ping_status":"closed","template":"","meta":[],"product_brand":[],"product_cat":[20],"product_tag":[],"class_list":{"0":"post-131","1":"product","2":"type-product","3":"status-publish","5":"product_cat-planchas","7":"first","8":"instock","9":"shipping-taxable","10":"purchasable","11":"product-type-simple"},"_links":{"self":[{"href":"https:\/\/gonka.com.co\/index.php?rest_route=\/wp\/v2\/product\/131","targetHints":{"allow":["GET"]}}],"collection":[{"href":"https:\/\/gonka.com.co\/index.php?rest_route=\/wp\/v2\/product"}],"about":[{"href":"https:\/\/gonka.com.co\/index.php?rest_route=\/wp\/v2\/types\/product"}],"replies":[{"embeddable":true,"href":"https:\/\/gonka.com.co\/index.php?rest_route=%2Fwp%2Fv2%2Fcomments&post=131"}],"wp:attachment":[{"href":"https:\/\/gonka.com.co\/index.php?rest_route=%2Fwp%2Fv2%2Fmedia&parent=131"}],"wp:term":[{"taxonomy":"product_brand","embeddable":true,"href":"https:\/\/gonka.com.co\/index.php?rest_route=%2Fwp%2Fv2%2Fproduct_brand&post=131"},{"taxonomy":"product_cat","embeddable":true,"href":"https:\/\/gonka.com.co\/index.php?rest_route=%2Fwp%2Fv2%2Fproduct_cat&post=131"},{"taxonomy":"product_tag","embeddable":true,"href":"https:\/\/gonka.com.co\/index.php?rest_route=%2Fwp%2Fv2%2Fproduct_tag&post=131"}],"curies":[{"name":"wp","href":"https:\/\/api.w.org\/{rel}","templated":true}]}}