{"id":130,"date":"2025-11-05T02:32:30","date_gmt":"2025-11-05T02:32:30","guid":{"rendered":"https:\/\/gonka.com.co\/product\/patillera-profesional-hunter\/"},"modified":"2025-11-05T02:32:30","modified_gmt":"2025-11-05T02:32:30","slug":"patillera-profesional-hunter","status":"publish","type":"product","link":"https:\/\/gonka.com.co\/?product=patillera-profesional-hunter","title":{"rendered":"Patillera Profesional Hunter"},"content":{"rendered":"<p>Patillera hunter ideal para todos los estilos de barbas cortas, medianas y largas, corte biselado, contorno, todo se<\/p>\n<p>puede hacer con esta patillera de l\u00ednea para hombres. se puede cargar r\u00e1pidamente en cualquier lugar y en<\/p>\n<p>cualquier momento, la bater\u00eda de lithium de 3.7v se puede utilizar continuamente durante 100 minutos despu\u00e9s de<\/p>\n<p>1,5 horas de carga. f\u00e1cil de guardar y llevar a cualquier lugar<\/p>\n","protected":false},"excerpt":{"rendered":"<p>Patillera hunter ideal para todos los estilos de barbas cortas, medianas y largas, corte biselado, contorno, todo se puede hacer con esta patillera de l\u00ednea para hombres. se puede cargar r\u00e1pidamente en cualquier lugar y en cualquier momento, la bater\u00eda de lithium de 3.7v se puede utilizar continuamente durante 100 minutos despu\u00e9s de 1,5 horas [&hellip;]<\/p>\n","protected":false},"featured_media":0,"comment_status":"open","ping_status":"closed","template":"","meta":[],"product_brand":[],"product_cat":[22],"product_tag":[],"class_list":{"0":"post-130","1":"product","2":"type-product","3":"status-publish","5":"product_cat-patilleras","7":"first","8":"instock","9":"shipping-taxable","10":"purchasable","11":"product-type-simple"},"_links":{"self":[{"href":"https:\/\/gonka.com.co\/index.php?rest_route=\/wp\/v2\/product\/130","targetHints":{"allow":["GET"]}}],"collection":[{"href":"https:\/\/gonka.com.co\/index.php?rest_route=\/wp\/v2\/product"}],"about":[{"href":"https:\/\/gonka.com.co\/index.php?rest_route=\/wp\/v2\/types\/product"}],"replies":[{"embeddable":true,"href":"https:\/\/gonka.com.co\/index.php?rest_route=%2Fwp%2Fv2%2Fcomments&post=130"}],"wp:attachment":[{"href":"https:\/\/gonka.com.co\/index.php?rest_route=%2Fwp%2Fv2%2Fmedia&parent=130"}],"wp:term":[{"taxonomy":"product_brand","embeddable":true,"href":"https:\/\/gonka.com.co\/index.php?rest_route=%2Fwp%2Fv2%2Fproduct_brand&post=130"},{"taxonomy":"product_cat","embeddable":true,"href":"https:\/\/gonka.com.co\/index.php?rest_route=%2Fwp%2Fv2%2Fproduct_cat&post=130"},{"taxonomy":"product_tag","embeddable":true,"href":"https:\/\/gonka.com.co\/index.php?rest_route=%2Fwp%2Fv2%2Fproduct_tag&post=130"}],"curies":[{"name":"wp","href":"https:\/\/api.w.org\/{rel}","templated":true}]}}