{"id":126,"date":"2025-11-05T02:32:29","date_gmt":"2025-11-05T02:32:29","guid":{"rendered":"https:\/\/gonka.com.co\/product\/plancha-profesional-zafiro-4-5\/"},"modified":"2025-11-05T02:32:29","modified_gmt":"2025-11-05T02:32:29","slug":"plancha-profesional-zafiro-4-5","status":"publish","type":"product","link":"https:\/\/gonka.com.co\/?product=plancha-profesional-zafiro-4-5","title":{"rendered":"Plancha Profesional Zafiro 4.5"},"content":{"rendered":"<p>La innovadora tecnolog\u00eda de la plancha Zafiro 4.5 utiliza un sistema de calentamiento especial para conseguir un alisado m\u00e1s duradero.<\/p>\n<p>El vapor i\u00f3nico mejora el estado y elimina el encrespamiento para un acabado brillante.<\/p>\n","protected":false},"excerpt":{"rendered":"<p>La innovadora tecnolog\u00eda de la plancha Zafiro 4.5 utiliza un sistema de calentamiento especial para conseguir un alisado m\u00e1s duradero. El vapor i\u00f3nico mejora el estado y elimina el encrespamiento para un acabado brillante.<\/p>\n","protected":false},"featured_media":0,"comment_status":"open","ping_status":"closed","template":"","meta":[],"product_brand":[],"product_cat":[20],"product_tag":[],"class_list":{"0":"post-126","1":"product","2":"type-product","3":"status-publish","5":"product_cat-planchas","7":"first","8":"instock","9":"shipping-taxable","10":"purchasable","11":"product-type-simple"},"_links":{"self":[{"href":"https:\/\/gonka.com.co\/index.php?rest_route=\/wp\/v2\/product\/126","targetHints":{"allow":["GET"]}}],"collection":[{"href":"https:\/\/gonka.com.co\/index.php?rest_route=\/wp\/v2\/product"}],"about":[{"href":"https:\/\/gonka.com.co\/index.php?rest_route=\/wp\/v2\/types\/product"}],"replies":[{"embeddable":true,"href":"https:\/\/gonka.com.co\/index.php?rest_route=%2Fwp%2Fv2%2Fcomments&post=126"}],"wp:attachment":[{"href":"https:\/\/gonka.com.co\/index.php?rest_route=%2Fwp%2Fv2%2Fmedia&parent=126"}],"wp:term":[{"taxonomy":"product_brand","embeddable":true,"href":"https:\/\/gonka.com.co\/index.php?rest_route=%2Fwp%2Fv2%2Fproduct_brand&post=126"},{"taxonomy":"product_cat","embeddable":true,"href":"https:\/\/gonka.com.co\/index.php?rest_route=%2Fwp%2Fv2%2Fproduct_cat&post=126"},{"taxonomy":"product_tag","embeddable":true,"href":"https:\/\/gonka.com.co\/index.php?rest_route=%2Fwp%2Fv2%2Fproduct_tag&post=126"}],"curies":[{"name":"wp","href":"https:\/\/api.w.org\/{rel}","templated":true}]}}