{"id":122,"date":"2025-11-05T02:32:28","date_gmt":"2025-11-05T02:32:28","guid":{"rendered":"https:\/\/gonka.com.co\/product\/maquina-de-corte-profesional-horus\/"},"modified":"2025-11-05T02:32:28","modified_gmt":"2025-11-05T02:32:28","slug":"maquina-de-corte-profesional-horus","status":"publish","type":"product","link":"https:\/\/gonka.com.co\/?product=maquina-de-corte-profesional-horus","title":{"rendered":"M\u00e1quina de corte profesional Horus"},"content":{"rendered":"<p>La avanzada energ\u00eda de iones de litio le proporciona hasta 120 minutos de trabajo.<\/p>\n<p>La m\u00e1quina de corte de cabello HORUS tiene una palanca c\u00f3nica ajustable que le permite ajustar la longitud de corte.<\/p>\n<p>Cuchilla acanala o estriada con \u00e1ngulo de corte de 22 grados Corte m\u00ednimo 1mm<\/p>\n","protected":false},"excerpt":{"rendered":"<p>La avanzada energ\u00eda de iones de litio le proporciona hasta 120 minutos de trabajo. La m\u00e1quina de corte de cabello HORUS tiene una palanca c\u00f3nica ajustable que le permite ajustar la longitud de corte. Cuchilla acanala o estriada con \u00e1ngulo de corte de 22 grados Corte m\u00ednimo 1mm<\/p>\n","protected":false},"featured_media":0,"comment_status":"open","ping_status":"closed","template":"","meta":[],"product_brand":[],"product_cat":[23],"product_tag":[],"class_list":{"0":"post-122","1":"product","2":"type-product","3":"status-publish","5":"product_cat-maquinas-de-corte","7":"first","8":"instock","9":"shipping-taxable","10":"purchasable","11":"product-type-simple"},"_links":{"self":[{"href":"https:\/\/gonka.com.co\/index.php?rest_route=\/wp\/v2\/product\/122","targetHints":{"allow":["GET"]}}],"collection":[{"href":"https:\/\/gonka.com.co\/index.php?rest_route=\/wp\/v2\/product"}],"about":[{"href":"https:\/\/gonka.com.co\/index.php?rest_route=\/wp\/v2\/types\/product"}],"replies":[{"embeddable":true,"href":"https:\/\/gonka.com.co\/index.php?rest_route=%2Fwp%2Fv2%2Fcomments&post=122"}],"wp:attachment":[{"href":"https:\/\/gonka.com.co\/index.php?rest_route=%2Fwp%2Fv2%2Fmedia&parent=122"}],"wp:term":[{"taxonomy":"product_brand","embeddable":true,"href":"https:\/\/gonka.com.co\/index.php?rest_route=%2Fwp%2Fv2%2Fproduct_brand&post=122"},{"taxonomy":"product_cat","embeddable":true,"href":"https:\/\/gonka.com.co\/index.php?rest_route=%2Fwp%2Fv2%2Fproduct_cat&post=122"},{"taxonomy":"product_tag","embeddable":true,"href":"https:\/\/gonka.com.co\/index.php?rest_route=%2Fwp%2Fv2%2Fproduct_tag&post=122"}],"curies":[{"name":"wp","href":"https:\/\/api.w.org\/{rel}","templated":true}]}}