{"id":121,"date":"2025-11-05T02:32:28","date_gmt":"2025-11-05T02:32:28","guid":{"rendered":"https:\/\/gonka.com.co\/product\/pinza-rizadora-gold-rose\/"},"modified":"2025-11-05T02:32:28","modified_gmt":"2025-11-05T02:32:28","slug":"pinza-rizadora-gold-rose","status":"publish","type":"product","link":"https:\/\/gonka.com.co\/?product=pinza-rizadora-gold-rose","title":{"rendered":"Pinza Rizadora Gold Rose"},"content":{"rendered":"<p>Rizadora con barril con revestimiento cer\u00e1mico , Luz led que indica el encendido cuenta con sensor inteligente de temperatura para su auto apagado despu\u00e9s de una hora sin uso, tiene tambi\u00e9n protecci\u00f3n de filtro UV.<\/p>\n","protected":false},"excerpt":{"rendered":"<p>Rizadora con barril con revestimiento cer\u00e1mico , Luz led que indica el encendido cuenta con sensor inteligente de temperatura para su auto apagado despu\u00e9s de una hora sin uso, tiene tambi\u00e9n protecci\u00f3n de filtro UV.<\/p>\n","protected":false},"featured_media":0,"comment_status":"open","ping_status":"closed","template":"","meta":[],"product_brand":[],"product_cat":[21],"product_tag":[],"class_list":{"0":"post-121","1":"product","2":"type-product","3":"status-publish","5":"product_cat-pinzas-rizadoras","7":"first","8":"instock","9":"shipping-taxable","10":"purchasable","11":"product-type-simple"},"_links":{"self":[{"href":"https:\/\/gonka.com.co\/index.php?rest_route=\/wp\/v2\/product\/121","targetHints":{"allow":["GET"]}}],"collection":[{"href":"https:\/\/gonka.com.co\/index.php?rest_route=\/wp\/v2\/product"}],"about":[{"href":"https:\/\/gonka.com.co\/index.php?rest_route=\/wp\/v2\/types\/product"}],"replies":[{"embeddable":true,"href":"https:\/\/gonka.com.co\/index.php?rest_route=%2Fwp%2Fv2%2Fcomments&post=121"}],"wp:attachment":[{"href":"https:\/\/gonka.com.co\/index.php?rest_route=%2Fwp%2Fv2%2Fmedia&parent=121"}],"wp:term":[{"taxonomy":"product_brand","embeddable":true,"href":"https:\/\/gonka.com.co\/index.php?rest_route=%2Fwp%2Fv2%2Fproduct_brand&post=121"},{"taxonomy":"product_cat","embeddable":true,"href":"https:\/\/gonka.com.co\/index.php?rest_route=%2Fwp%2Fv2%2Fproduct_cat&post=121"},{"taxonomy":"product_tag","embeddable":true,"href":"https:\/\/gonka.com.co\/index.php?rest_route=%2Fwp%2Fv2%2Fproduct_tag&post=121"}],"curies":[{"name":"wp","href":"https:\/\/api.w.org\/{rel}","templated":true}]}}