{"id":120,"date":"2025-11-05T02:32:28","date_gmt":"2025-11-05T02:32:28","guid":{"rendered":"https:\/\/gonka.com.co\/product\/rizadora-profesional-mystic\/"},"modified":"2025-11-05T02:32:28","modified_gmt":"2025-11-05T02:32:28","slug":"rizadora-profesional-mystic","status":"publish","type":"product","link":"https:\/\/gonka.com.co\/?product=rizadora-profesional-mystic","title":{"rendered":"Rizadora Profesional Mystic"},"content":{"rendered":"<p>Rizadora con barril de 25 mm y revestimiento en cer\u00e1mica, su generaci\u00f3n de iones negativos logra una alta protecci\u00f3n del cabello, evitando as\u00ed el frizz en el cabello. Su temperatura ajustable, r\u00e1pido calentamiento y fuerte agarre de la pinza, permiten que esta rizadora sea la mejor opci\u00f3n para lograr rizos definidos.<\/p>\n","protected":false},"excerpt":{"rendered":"<p>Rizadora con barril de 25 mm y revestimiento en cer\u00e1mica, su generaci\u00f3n de iones negativos logra una alta protecci\u00f3n del cabello, evitando as\u00ed el frizz en el cabello. Su temperatura ajustable, r\u00e1pido calentamiento y fuerte agarre de la pinza, permiten que esta rizadora sea la mejor opci\u00f3n para lograr rizos definidos.<\/p>\n","protected":false},"featured_media":0,"comment_status":"open","ping_status":"closed","template":"","meta":[],"product_brand":[],"product_cat":[21],"product_tag":[],"class_list":{"0":"post-120","1":"product","2":"type-product","3":"status-publish","5":"product_cat-pinzas-rizadoras","7":"first","8":"instock","9":"shipping-taxable","10":"purchasable","11":"product-type-simple"},"_links":{"self":[{"href":"https:\/\/gonka.com.co\/index.php?rest_route=\/wp\/v2\/product\/120","targetHints":{"allow":["GET"]}}],"collection":[{"href":"https:\/\/gonka.com.co\/index.php?rest_route=\/wp\/v2\/product"}],"about":[{"href":"https:\/\/gonka.com.co\/index.php?rest_route=\/wp\/v2\/types\/product"}],"replies":[{"embeddable":true,"href":"https:\/\/gonka.com.co\/index.php?rest_route=%2Fwp%2Fv2%2Fcomments&post=120"}],"wp:attachment":[{"href":"https:\/\/gonka.com.co\/index.php?rest_route=%2Fwp%2Fv2%2Fmedia&parent=120"}],"wp:term":[{"taxonomy":"product_brand","embeddable":true,"href":"https:\/\/gonka.com.co\/index.php?rest_route=%2Fwp%2Fv2%2Fproduct_brand&post=120"},{"taxonomy":"product_cat","embeddable":true,"href":"https:\/\/gonka.com.co\/index.php?rest_route=%2Fwp%2Fv2%2Fproduct_cat&post=120"},{"taxonomy":"product_tag","embeddable":true,"href":"https:\/\/gonka.com.co\/index.php?rest_route=%2Fwp%2Fv2%2Fproduct_tag&post=120"}],"curies":[{"name":"wp","href":"https:\/\/api.w.org\/{rel}","templated":true}]}}