{"id":118,"date":"2025-11-05T02:32:28","date_gmt":"2025-11-05T02:32:28","guid":{"rendered":"https:\/\/gonka.com.co\/product\/afeitadora-katana\/"},"modified":"2025-11-05T02:32:28","modified_gmt":"2025-11-05T02:32:28","slug":"afeitadora-katana","status":"publish","type":"product","link":"https:\/\/gonka.com.co\/?product=afeitadora-katana","title":{"rendered":"Afeitadora Katana"},"content":{"rendered":"<p>Potente motor con m\u00e1s de una hora de trabajo continuo. Dise\u00f1o ergon\u00f3mico, ligero y de f\u00e1cil limpieza en sus cuchillas y cabezal.<\/p>\n","protected":false},"excerpt":{"rendered":"<p>Potente motor con m\u00e1s de una hora de trabajo continuo. Dise\u00f1o ergon\u00f3mico, ligero y de f\u00e1cil limpieza en sus cuchillas y cabezal.<\/p>\n","protected":false},"featured_media":0,"comment_status":"open","ping_status":"closed","template":"","meta":[],"product_brand":[],"product_cat":[19],"product_tag":[],"class_list":{"0":"post-118","1":"product","2":"type-product","3":"status-publish","5":"product_cat-afeitadoras","7":"first","8":"instock","9":"shipping-taxable","10":"purchasable","11":"product-type-simple"},"_links":{"self":[{"href":"https:\/\/gonka.com.co\/index.php?rest_route=\/wp\/v2\/product\/118","targetHints":{"allow":["GET"]}}],"collection":[{"href":"https:\/\/gonka.com.co\/index.php?rest_route=\/wp\/v2\/product"}],"about":[{"href":"https:\/\/gonka.com.co\/index.php?rest_route=\/wp\/v2\/types\/product"}],"replies":[{"embeddable":true,"href":"https:\/\/gonka.com.co\/index.php?rest_route=%2Fwp%2Fv2%2Fcomments&post=118"}],"wp:attachment":[{"href":"https:\/\/gonka.com.co\/index.php?rest_route=%2Fwp%2Fv2%2Fmedia&parent=118"}],"wp:term":[{"taxonomy":"product_brand","embeddable":true,"href":"https:\/\/gonka.com.co\/index.php?rest_route=%2Fwp%2Fv2%2Fproduct_brand&post=118"},{"taxonomy":"product_cat","embeddable":true,"href":"https:\/\/gonka.com.co\/index.php?rest_route=%2Fwp%2Fv2%2Fproduct_cat&post=118"},{"taxonomy":"product_tag","embeddable":true,"href":"https:\/\/gonka.com.co\/index.php?rest_route=%2Fwp%2Fv2%2Fproduct_tag&post=118"}],"curies":[{"name":"wp","href":"https:\/\/api.w.org\/{rel}","templated":true}]}}