{"id":115,"date":"2025-11-05T02:32:28","date_gmt":"2025-11-05T02:32:28","guid":{"rendered":"https:\/\/gonka.com.co\/product\/patillera-profesional-kato\/"},"modified":"2025-11-05T02:32:28","modified_gmt":"2025-11-05T02:32:28","slug":"patillera-profesional-kato","status":"publish","type":"product","link":"https:\/\/gonka.com.co\/?product=patillera-profesional-kato","title":{"rendered":"Patillera Profesional Kato"},"content":{"rendered":"<p>Su dise\u00f1o moderno y riguroso control de ingenier\u00eda permitir\u00e1 satisfacer sus necesidades profesionales.<\/p>\n<p>Es r\u00e1pido y f\u00e1cil de limpiar. Simplemente enjuague las cuchillas con agua corriente para una limpieza r\u00e1pida e higi\u00e9nica.<\/p>\n","protected":false},"excerpt":{"rendered":"<p>Su dise\u00f1o moderno y riguroso control de ingenier\u00eda permitir\u00e1 satisfacer sus necesidades profesionales. Es r\u00e1pido y f\u00e1cil de limpiar. Simplemente enjuague las cuchillas con agua corriente para una limpieza r\u00e1pida e higi\u00e9nica.<\/p>\n","protected":false},"featured_media":0,"comment_status":"open","ping_status":"closed","template":"","meta":[],"product_brand":[],"product_cat":[22],"product_tag":[],"class_list":{"0":"post-115","1":"product","2":"type-product","3":"status-publish","5":"product_cat-patilleras","7":"first","8":"instock","9":"shipping-taxable","10":"purchasable","11":"product-type-simple"},"_links":{"self":[{"href":"https:\/\/gonka.com.co\/index.php?rest_route=\/wp\/v2\/product\/115","targetHints":{"allow":["GET"]}}],"collection":[{"href":"https:\/\/gonka.com.co\/index.php?rest_route=\/wp\/v2\/product"}],"about":[{"href":"https:\/\/gonka.com.co\/index.php?rest_route=\/wp\/v2\/types\/product"}],"replies":[{"embeddable":true,"href":"https:\/\/gonka.com.co\/index.php?rest_route=%2Fwp%2Fv2%2Fcomments&post=115"}],"wp:attachment":[{"href":"https:\/\/gonka.com.co\/index.php?rest_route=%2Fwp%2Fv2%2Fmedia&parent=115"}],"wp:term":[{"taxonomy":"product_brand","embeddable":true,"href":"https:\/\/gonka.com.co\/index.php?rest_route=%2Fwp%2Fv2%2Fproduct_brand&post=115"},{"taxonomy":"product_cat","embeddable":true,"href":"https:\/\/gonka.com.co\/index.php?rest_route=%2Fwp%2Fv2%2Fproduct_cat&post=115"},{"taxonomy":"product_tag","embeddable":true,"href":"https:\/\/gonka.com.co\/index.php?rest_route=%2Fwp%2Fv2%2Fproduct_tag&post=115"}],"curies":[{"name":"wp","href":"https:\/\/api.w.org\/{rel}","templated":true}]}}