{"id":113,"date":"2025-11-05T02:32:27","date_gmt":"2025-11-05T02:32:27","guid":{"rendered":"https:\/\/gonka.com.co\/product\/maquina-de-corte-snake\/"},"modified":"2025-11-05T02:32:27","modified_gmt":"2025-11-05T02:32:27","slug":"maquina-de-corte-snake","status":"publish","type":"product","link":"https:\/\/gonka.com.co\/?product=maquina-de-corte-snake","title":{"rendered":"M\u00e1quina De Corte Snake"},"content":{"rendered":"<p>M\u00e1s afilada, m\u00e1s eficiente y \u00a1m\u00e1s potente! Esta nueva m\u00e1quina de corte con su super cuchilla de grafito permite crear l\u00edneas y recortes m\u00e1s precisos. Cuenta con una bater\u00eda que permite 3 horas de trabajo continuo y su poderoso motor de 7500 rpm brinda una experiencia de corte sin esfuerzo. Incluye Base de carga.<\/p>\n","protected":false},"excerpt":{"rendered":"<p>M\u00e1s afilada, m\u00e1s eficiente y \u00a1m\u00e1s potente! Esta nueva m\u00e1quina de corte con su super cuchilla de grafito permite crear l\u00edneas y recortes m\u00e1s precisos. Cuenta con una bater\u00eda que permite 3 horas de trabajo continuo y su poderoso motor de 7500 rpm brinda una experiencia de corte sin esfuerzo. Incluye Base de carga.<\/p>\n","protected":false},"featured_media":0,"comment_status":"open","ping_status":"closed","template":"","meta":[],"product_brand":[],"product_cat":[23],"product_tag":[],"class_list":{"0":"post-113","1":"product","2":"type-product","3":"status-publish","5":"product_cat-maquinas-de-corte","7":"first","8":"instock","9":"shipping-taxable","10":"purchasable","11":"product-type-simple"},"_links":{"self":[{"href":"https:\/\/gonka.com.co\/index.php?rest_route=\/wp\/v2\/product\/113","targetHints":{"allow":["GET"]}}],"collection":[{"href":"https:\/\/gonka.com.co\/index.php?rest_route=\/wp\/v2\/product"}],"about":[{"href":"https:\/\/gonka.com.co\/index.php?rest_route=\/wp\/v2\/types\/product"}],"replies":[{"embeddable":true,"href":"https:\/\/gonka.com.co\/index.php?rest_route=%2Fwp%2Fv2%2Fcomments&post=113"}],"wp:attachment":[{"href":"https:\/\/gonka.com.co\/index.php?rest_route=%2Fwp%2Fv2%2Fmedia&parent=113"}],"wp:term":[{"taxonomy":"product_brand","embeddable":true,"href":"https:\/\/gonka.com.co\/index.php?rest_route=%2Fwp%2Fv2%2Fproduct_brand&post=113"},{"taxonomy":"product_cat","embeddable":true,"href":"https:\/\/gonka.com.co\/index.php?rest_route=%2Fwp%2Fv2%2Fproduct_cat&post=113"},{"taxonomy":"product_tag","embeddable":true,"href":"https:\/\/gonka.com.co\/index.php?rest_route=%2Fwp%2Fv2%2Fproduct_tag&post=113"}],"curies":[{"name":"wp","href":"https:\/\/api.w.org\/{rel}","templated":true}]}}