{"id":110,"date":"2025-11-05T02:32:27","date_gmt":"2025-11-05T02:32:27","guid":{"rendered":"https:\/\/gonka.com.co\/product\/patillera-profesional-pegasus\/"},"modified":"2025-11-05T02:32:27","modified_gmt":"2025-11-05T02:32:27","slug":"patillera-profesional-pegasus","status":"publish","type":"product","link":"https:\/\/gonka.com.co\/?product=patillera-profesional-pegasus","title":{"rendered":"Patillera Profesional Pegasus"},"content":{"rendered":"<p>La patillera Profesional pegasus trabaja con un potente motor de 7000 RPM, cuerpo compacto y resistente, carga micro USB , bater\u00eda en Litio y un dise\u00f1o elegante para caballeros. usando hoja de acero inoxidable ,0.1mm de longitud de corte Bater\u00eda de litio de 500mA Poco ruido Motor DC de gran potencia Dise\u00f1o de carga r\u00e1pida USB, 70 minutos de carga y tiempo de trabajo de 1,5 horas &#8221; Una funda protectora Tres peines limitados (1 2 3 mm) Una botella de aceite Un cepillo de limpieza Un cable USB Patillera de corte cero<\/p>\n","protected":false},"excerpt":{"rendered":"<p>La patillera Profesional pegasus trabaja con un potente motor de 7000 RPM, cuerpo compacto y resistente, carga micro USB , bater\u00eda en Litio y un dise\u00f1o elegante para caballeros. usando hoja de acero inoxidable ,0.1mm de longitud de corte Bater\u00eda de litio de 500mA Poco ruido Motor DC de gran potencia Dise\u00f1o de carga r\u00e1pida [&hellip;]<\/p>\n","protected":false},"featured_media":0,"comment_status":"open","ping_status":"closed","template":"","meta":[],"product_brand":[],"product_cat":[22],"product_tag":[],"class_list":{"0":"post-110","1":"product","2":"type-product","3":"status-publish","5":"product_cat-patilleras","7":"first","8":"instock","9":"shipping-taxable","10":"purchasable","11":"product-type-simple"},"_links":{"self":[{"href":"https:\/\/gonka.com.co\/index.php?rest_route=\/wp\/v2\/product\/110","targetHints":{"allow":["GET"]}}],"collection":[{"href":"https:\/\/gonka.com.co\/index.php?rest_route=\/wp\/v2\/product"}],"about":[{"href":"https:\/\/gonka.com.co\/index.php?rest_route=\/wp\/v2\/types\/product"}],"replies":[{"embeddable":true,"href":"https:\/\/gonka.com.co\/index.php?rest_route=%2Fwp%2Fv2%2Fcomments&post=110"}],"wp:attachment":[{"href":"https:\/\/gonka.com.co\/index.php?rest_route=%2Fwp%2Fv2%2Fmedia&parent=110"}],"wp:term":[{"taxonomy":"product_brand","embeddable":true,"href":"https:\/\/gonka.com.co\/index.php?rest_route=%2Fwp%2Fv2%2Fproduct_brand&post=110"},{"taxonomy":"product_cat","embeddable":true,"href":"https:\/\/gonka.com.co\/index.php?rest_route=%2Fwp%2Fv2%2Fproduct_cat&post=110"},{"taxonomy":"product_tag","embeddable":true,"href":"https:\/\/gonka.com.co\/index.php?rest_route=%2Fwp%2Fv2%2Fproduct_tag&post=110"}],"curies":[{"name":"wp","href":"https:\/\/api.w.org\/{rel}","templated":true}]}}