{"id":109,"date":"2025-11-05T02:32:27","date_gmt":"2025-11-05T02:32:27","guid":{"rendered":"https:\/\/gonka.com.co\/product\/afeitadora-ferro-shaver\/"},"modified":"2025-11-05T02:32:27","modified_gmt":"2025-11-05T02:32:27","slug":"afeitadora-ferro-shaver","status":"publish","type":"product","link":"https:\/\/gonka.com.co\/?product=afeitadora-ferro-shaver","title":{"rendered":"Afeitadora Ferro Shaver"},"content":{"rendered":"<p>Afeitadora profesional inteligente, exclusiva para barberos y profesionales de la belleza, con la capacidad de eliminar de forma r\u00e1pida y sencilla todo tipo de vellos, sin dejar enrojecimiento en la piel. Bater\u00eda de larga duraci\u00f3n hasta 90 minutos , \u00fanica con display inteligente para porcentaje de bater\u00eda. Resistente al agua.<\/p>\n<p><img decoding=\"async\" title=\"ferro-shaver-afeitadora\" src=\"https:\/\/gonka.com.co\/wp-content\/uploads\/2022\/09\/ferro-shaver-afeitadora.webp\" alt=\"ferro-shaver-afeitadora\" \/><\/p>\n","protected":false},"excerpt":{"rendered":"<p>Afeitadora profesional inteligente, exclusiva para barberos y profesionales de la belleza, con la capacidad de eliminar de forma r\u00e1pida y sencilla todo tipo de vellos, sin dejar enrojecimiento en la piel. Bater\u00eda de larga duraci\u00f3n hasta 90 minutos , \u00fanica con display inteligente para porcentaje de bater\u00eda. Resistente al agua.<\/p>\n","protected":false},"featured_media":0,"comment_status":"open","ping_status":"closed","template":"","meta":[],"product_brand":[],"product_cat":[19],"product_tag":[],"class_list":{"0":"post-109","1":"product","2":"type-product","3":"status-publish","5":"product_cat-afeitadoras","7":"first","8":"instock","9":"shipping-taxable","10":"purchasable","11":"product-type-simple"},"_links":{"self":[{"href":"https:\/\/gonka.com.co\/index.php?rest_route=\/wp\/v2\/product\/109","targetHints":{"allow":["GET"]}}],"collection":[{"href":"https:\/\/gonka.com.co\/index.php?rest_route=\/wp\/v2\/product"}],"about":[{"href":"https:\/\/gonka.com.co\/index.php?rest_route=\/wp\/v2\/types\/product"}],"replies":[{"embeddable":true,"href":"https:\/\/gonka.com.co\/index.php?rest_route=%2Fwp%2Fv2%2Fcomments&post=109"}],"wp:attachment":[{"href":"https:\/\/gonka.com.co\/index.php?rest_route=%2Fwp%2Fv2%2Fmedia&parent=109"}],"wp:term":[{"taxonomy":"product_brand","embeddable":true,"href":"https:\/\/gonka.com.co\/index.php?rest_route=%2Fwp%2Fv2%2Fproduct_brand&post=109"},{"taxonomy":"product_cat","embeddable":true,"href":"https:\/\/gonka.com.co\/index.php?rest_route=%2Fwp%2Fv2%2Fproduct_cat&post=109"},{"taxonomy":"product_tag","embeddable":true,"href":"https:\/\/gonka.com.co\/index.php?rest_route=%2Fwp%2Fv2%2Fproduct_tag&post=109"}],"curies":[{"name":"wp","href":"https:\/\/api.w.org\/{rel}","templated":true}]}}