{"id":107,"date":"2025-11-05T02:32:27","date_gmt":"2025-11-05T02:32:27","guid":{"rendered":"https:\/\/gonka.com.co\/product\/pinza-rizadora-lazer-25\/"},"modified":"2025-11-05T02:32:27","modified_gmt":"2025-11-05T02:32:27","slug":"pinza-rizadora-lazer-25","status":"publish","type":"product","link":"https:\/\/gonka.com.co\/?product=pinza-rizadora-lazer-25","title":{"rendered":"Pinza Rizadora Lazer 25"},"content":{"rendered":"<p>Rizador con revestimiento de cer\u00e1mica en turmalina que eliminar\u00e1 la est\u00e1tica y mantendr\u00e1 la humedad al liberar iones negativos al instante mientras que la usas, creando estilos de cabello suelto y suave. Calentamiento ultra r\u00e1pido. Cable giratorio. Rizador de 25 mm<\/p>\n","protected":false},"excerpt":{"rendered":"<p>Rizador con revestimiento de cer\u00e1mica en turmalina que eliminar\u00e1 la est\u00e1tica y mantendr\u00e1 la humedad al liberar iones negativos al instante mientras que la usas, creando estilos de cabello suelto y suave. Calentamiento ultra r\u00e1pido. Cable giratorio. Rizador de 25 mm<\/p>\n","protected":false},"featured_media":0,"comment_status":"open","ping_status":"closed","template":"","meta":[],"product_brand":[],"product_cat":[21],"product_tag":[],"class_list":{"0":"post-107","1":"product","2":"type-product","3":"status-publish","5":"product_cat-pinzas-rizadoras","7":"first","8":"instock","9":"shipping-taxable","10":"purchasable","11":"product-type-simple"},"_links":{"self":[{"href":"https:\/\/gonka.com.co\/index.php?rest_route=\/wp\/v2\/product\/107","targetHints":{"allow":["GET"]}}],"collection":[{"href":"https:\/\/gonka.com.co\/index.php?rest_route=\/wp\/v2\/product"}],"about":[{"href":"https:\/\/gonka.com.co\/index.php?rest_route=\/wp\/v2\/types\/product"}],"replies":[{"embeddable":true,"href":"https:\/\/gonka.com.co\/index.php?rest_route=%2Fwp%2Fv2%2Fcomments&post=107"}],"wp:attachment":[{"href":"https:\/\/gonka.com.co\/index.php?rest_route=%2Fwp%2Fv2%2Fmedia&parent=107"}],"wp:term":[{"taxonomy":"product_brand","embeddable":true,"href":"https:\/\/gonka.com.co\/index.php?rest_route=%2Fwp%2Fv2%2Fproduct_brand&post=107"},{"taxonomy":"product_cat","embeddable":true,"href":"https:\/\/gonka.com.co\/index.php?rest_route=%2Fwp%2Fv2%2Fproduct_cat&post=107"},{"taxonomy":"product_tag","embeddable":true,"href":"https:\/\/gonka.com.co\/index.php?rest_route=%2Fwp%2Fv2%2Fproduct_tag&post=107"}],"curies":[{"name":"wp","href":"https:\/\/api.w.org\/{rel}","templated":true}]}}