{"id":104,"date":"2025-11-05T02:32:27","date_gmt":"2025-11-05T02:32:27","guid":{"rendered":"https:\/\/gonka.com.co\/product\/plancha-revel\/"},"modified":"2025-11-05T02:32:27","modified_gmt":"2025-11-05T02:32:27","slug":"plancha-revel","status":"publish","type":"product","link":"https:\/\/gonka.com.co\/?product=plancha-revel","title":{"rendered":"Plancha Revel"},"content":{"rendered":"<p>La nueva <strong>plancha revel<\/strong> produce calor constante gracias a su potente combinaci\u00f3n entre la <strong>tecnolog\u00eda nano silver y el poder ionico<\/strong>. Logrando as\u00ed unos alisados m\u00e1s saludables y resistentes. tu cabello rebelde, de puntas quebradizas y debil pasara a ser un cabello mucho m\u00e1s sano, luminoso y fuerte. 450 grados de temperatura con 3 metros de cable giratorio y calentamiento ultra rapido (ptc).<\/p>\n","protected":false},"excerpt":{"rendered":"<p>La nueva plancha revel produce calor constante gracias a su potente combinaci\u00f3n entre la tecnolog\u00eda nano silver y el poder ionico. Logrando as\u00ed unos alisados m\u00e1s saludables y resistentes. tu cabello rebelde, de puntas quebradizas y debil pasara a ser un cabello mucho m\u00e1s sano, luminoso y fuerte. 450 grados de temperatura con 3 metros [&hellip;]<\/p>\n","protected":false},"featured_media":0,"comment_status":"open","ping_status":"closed","template":"","meta":[],"product_brand":[],"product_cat":[20],"product_tag":[],"class_list":{"0":"post-104","1":"product","2":"type-product","3":"status-publish","5":"product_cat-planchas","7":"first","8":"instock","9":"shipping-taxable","10":"purchasable","11":"product-type-simple"},"_links":{"self":[{"href":"https:\/\/gonka.com.co\/index.php?rest_route=\/wp\/v2\/product\/104","targetHints":{"allow":["GET"]}}],"collection":[{"href":"https:\/\/gonka.com.co\/index.php?rest_route=\/wp\/v2\/product"}],"about":[{"href":"https:\/\/gonka.com.co\/index.php?rest_route=\/wp\/v2\/types\/product"}],"replies":[{"embeddable":true,"href":"https:\/\/gonka.com.co\/index.php?rest_route=%2Fwp%2Fv2%2Fcomments&post=104"}],"wp:attachment":[{"href":"https:\/\/gonka.com.co\/index.php?rest_route=%2Fwp%2Fv2%2Fmedia&parent=104"}],"wp:term":[{"taxonomy":"product_brand","embeddable":true,"href":"https:\/\/gonka.com.co\/index.php?rest_route=%2Fwp%2Fv2%2Fproduct_brand&post=104"},{"taxonomy":"product_cat","embeddable":true,"href":"https:\/\/gonka.com.co\/index.php?rest_route=%2Fwp%2Fv2%2Fproduct_cat&post=104"},{"taxonomy":"product_tag","embeddable":true,"href":"https:\/\/gonka.com.co\/index.php?rest_route=%2Fwp%2Fv2%2Fproduct_tag&post=104"}],"curies":[{"name":"wp","href":"https:\/\/api.w.org\/{rel}","templated":true}]}}