{"id":102,"date":"2025-11-05T02:32:27","date_gmt":"2025-11-05T02:32:27","guid":{"rendered":"https:\/\/gonka.com.co\/product\/secador-profesional-eternal\/"},"modified":"2025-11-05T02:32:27","modified_gmt":"2025-11-05T02:32:27","slug":"secador-profesional-eternal","status":"publish","type":"product","link":"https:\/\/gonka.com.co\/?product=secador-profesional-eternal","title":{"rendered":"Secador Profesional Eternal"},"content":{"rendered":"<p>El cabello normalmente se encuentra cargado de iones positivos, el constante roce con el aire y dem\u00e1s y dem\u00e1s superficies, es capaz de cargar al mismo con electricidad est\u00e1tica, la cu\u00e1l con el tiempo, puede llenarlo de frizz, sin embargo para contrarestar dicha realidad, se puede hacer uso de los iones megativos, los cuales contribuyen a equilibrar estas cargas disminuyendo la electricidad est\u00e1tica y el encrespamiento del cabello.<\/p>\n<p>Este secador adem\u00e1s de contar con tecnolog\u00eda ionizadora, es capaz de reducir el tiempo de secado en un 40% lo que se traduce en salud para el cabello, ya al estar menos tiempo sometido al aire caliente, sufre menos de resequedad y rotura.<\/p>\n","protected":false},"excerpt":{"rendered":"<p>El cabello normalmente se encuentra cargado de iones positivos, el constante roce con el aire y dem\u00e1s y dem\u00e1s superficies, es capaz de cargar al mismo con electricidad est\u00e1tica, la cu\u00e1l con el tiempo, puede llenarlo de frizz, sin embargo para contrarestar dicha realidad, se puede hacer uso de los iones megativos, los cuales contribuyen [&hellip;]<\/p>\n","protected":false},"featured_media":0,"comment_status":"open","ping_status":"closed","template":"","meta":[],"product_brand":[],"product_cat":[18],"product_tag":[],"class_list":{"0":"post-102","1":"product","2":"type-product","3":"status-publish","5":"product_cat-secadores","7":"first","8":"instock","9":"shipping-taxable","10":"purchasable","11":"product-type-simple"},"_links":{"self":[{"href":"https:\/\/gonka.com.co\/index.php?rest_route=\/wp\/v2\/product\/102","targetHints":{"allow":["GET"]}}],"collection":[{"href":"https:\/\/gonka.com.co\/index.php?rest_route=\/wp\/v2\/product"}],"about":[{"href":"https:\/\/gonka.com.co\/index.php?rest_route=\/wp\/v2\/types\/product"}],"replies":[{"embeddable":true,"href":"https:\/\/gonka.com.co\/index.php?rest_route=%2Fwp%2Fv2%2Fcomments&post=102"}],"wp:attachment":[{"href":"https:\/\/gonka.com.co\/index.php?rest_route=%2Fwp%2Fv2%2Fmedia&parent=102"}],"wp:term":[{"taxonomy":"product_brand","embeddable":true,"href":"https:\/\/gonka.com.co\/index.php?rest_route=%2Fwp%2Fv2%2Fproduct_brand&post=102"},{"taxonomy":"product_cat","embeddable":true,"href":"https:\/\/gonka.com.co\/index.php?rest_route=%2Fwp%2Fv2%2Fproduct_cat&post=102"},{"taxonomy":"product_tag","embeddable":true,"href":"https:\/\/gonka.com.co\/index.php?rest_route=%2Fwp%2Fv2%2Fproduct_tag&post=102"}],"curies":[{"name":"wp","href":"https:\/\/api.w.org\/{rel}","templated":true}]}}