{"id":101,"date":"2025-11-05T02:32:26","date_gmt":"2025-11-05T02:32:26","guid":{"rendered":"https:\/\/gonka.com.co\/product\/secador-profesional-iconic\/"},"modified":"2025-11-05T02:32:26","modified_gmt":"2025-11-05T02:32:26","slug":"secador-profesional-iconic","status":"publish","type":"product","link":"https:\/\/gonka.com.co\/?product=secador-profesional-iconic","title":{"rendered":"Secador Profesional Iconic"},"content":{"rendered":"<p>Secador profesional de fabricaci\u00f3n japonesa, con potente motor i\u00f3nico de 3900 watts, dos boquillas y tecnolog\u00eda de \u00faltima generaci\u00f3n en calor y reducci\u00f3n del friz. Ideal para realizar procesos de alisado profesional con keratinas y termo activadores, as\u00ed mismo te ayuda a conseguir espectaculares peinados lisos y brillantes en menor tiempo. Adem\u00e1s, cuenta con una rejilla magn\u00e9tica que facilitar\u00e1 la limpieza del motor y, por tanto, extender\u00e1 la vida \u00fatil de tu secador en un 50%. Su dise\u00f1o ergon\u00f3mico te permitir\u00e1, trabajar m\u00e1s a gusto y con un menor esfuerzo que con cualquier otro secador, brind\u00e1ndote m\u00e1s y mejores opciones al momento de realizar cualquier tipo de peinado.<\/p>\n","protected":false},"excerpt":{"rendered":"<p>Secador profesional de fabricaci\u00f3n japonesa, con potente motor i\u00f3nico de 3900 watts, dos boquillas y tecnolog\u00eda de \u00faltima generaci\u00f3n en calor y reducci\u00f3n del friz. Ideal para realizar procesos de alisado profesional con keratinas y termo activadores, as\u00ed mismo te ayuda a conseguir espectaculares peinados lisos y brillantes en menor tiempo. Adem\u00e1s, cuenta con una [&hellip;]<\/p>\n","protected":false},"featured_media":0,"comment_status":"open","ping_status":"closed","template":"","meta":[],"product_brand":[],"product_cat":[18],"product_tag":[],"class_list":{"0":"post-101","1":"product","2":"type-product","3":"status-publish","5":"product_cat-secadores","7":"first","8":"instock","9":"shipping-taxable","10":"purchasable","11":"product-type-simple"},"_links":{"self":[{"href":"https:\/\/gonka.com.co\/index.php?rest_route=\/wp\/v2\/product\/101","targetHints":{"allow":["GET"]}}],"collection":[{"href":"https:\/\/gonka.com.co\/index.php?rest_route=\/wp\/v2\/product"}],"about":[{"href":"https:\/\/gonka.com.co\/index.php?rest_route=\/wp\/v2\/types\/product"}],"replies":[{"embeddable":true,"href":"https:\/\/gonka.com.co\/index.php?rest_route=%2Fwp%2Fv2%2Fcomments&post=101"}],"wp:attachment":[{"href":"https:\/\/gonka.com.co\/index.php?rest_route=%2Fwp%2Fv2%2Fmedia&parent=101"}],"wp:term":[{"taxonomy":"product_brand","embeddable":true,"href":"https:\/\/gonka.com.co\/index.php?rest_route=%2Fwp%2Fv2%2Fproduct_brand&post=101"},{"taxonomy":"product_cat","embeddable":true,"href":"https:\/\/gonka.com.co\/index.php?rest_route=%2Fwp%2Fv2%2Fproduct_cat&post=101"},{"taxonomy":"product_tag","embeddable":true,"href":"https:\/\/gonka.com.co\/index.php?rest_route=%2Fwp%2Fv2%2Fproduct_tag&post=101"}],"curies":[{"name":"wp","href":"https:\/\/api.w.org\/{rel}","templated":true}]}}